{"id":1616,"date":"2019-06-12T14:33:29","date_gmt":"2019-06-12T17:33:29","guid":{"rendered":"http:\/\/colegiojmaniezo.com.br\/novosite\/?page_id=1616"},"modified":"2020-09-09T18:54:22","modified_gmt":"2020-09-09T21:54:22","slug":"estrutura","status":"publish","type":"page","link":"http:\/\/colegiojmaniezo.com.br\/novosite\/estrutura\/","title":{"rendered":"Estrutura"},"content":{"rendered":"<div class=\"wpb-content-wrapper\"><p>[vc_row layout=&#8221;boxed&#8221; parallax_style=&#8221;none&#8221; parallax_scroll_effect=&#8221;fixed&#8221; css=&#8221;.vc_custom_1425463648608{background-color: #ffffff !important;}&#8221; el_class=&#8221;bg-content-box cupid-margin-top-95&#8243;][vc_column el_class=&#8221;about-us-padding&#8221;][vc_empty_space][vc_column_text css=&#8221;.vc_custom_1598926621499{margin-bottom: 20px !important;}&#8221;]<\/p>\r\n<h3 style=\"text-align: center; margin-bottom: 20px;\">Estrutura<\/h3>\r\n<p><em>Nosso Col\u00e9gio compreende uma \u00e1rea ampla, arejada e acess\u00edvel para bem atender as necessidades de todos os alunos.<\/em><\/p>\r\n<p>Possui biblioteca, secretaria, brinquedoteca, sala de multim\u00eddia, parque com brinquedos pedag\u00f3gicos, p\u00e1tios de educa\u00e7\u00e3o infantil e ensino fundamental, laborat\u00f3rio de Ci\u00eancias, elevador, salas de aula, sala de ballet e quadra de esportes coberta.<\/p>\r\n<p>Nossa <strong>biblioteca<\/strong> possui um acervo liter\u00e1rio extenso compreendendo desde livros antigos como a \u201cBarsa\u201d at\u00e9 lan\u00e7amentos para o pr\u00f3ximo ano. <strong>Um ambiente calmo e sereno<\/strong>, onde ocorrem as <strong>aulas de literatura<\/strong>, esta sala permite que os alunos soltem as asas de suas imagina\u00e7\u00f5es.<\/p>\r\n<p>A <strong>brinquedoteca<\/strong> cont\u00e9m diversificados recursos onde os professores desenvolvem um trabalho pedag\u00f3gico utilizando o l\u00fadico da brincadeira, para ensinar o conte\u00fado acad\u00eamico. Al\u00e9m de contribuir para a<strong> intera\u00e7\u00e3o entre os alunos<\/strong>, este espa\u00e7o proporciona \u00e0s crian\u00e7as momentos de <strong>descontra\u00e7\u00e3o e alegria<\/strong>.<\/p>\r\n<p>A <strong>sala de multim\u00eddia e laborat\u00f3rio de Ci\u00eancias<\/strong> possuem projetores onde os alunos conseguem visualizar o que foi aprendido na teoria. Em um mundo onde a <strong>tecnologia<\/strong> \u00e9 algo fascinante \u00e0s crian\u00e7as e adolescentes, nossa escola procura <strong>utilizar deste recurso a favor da aprendizagem<\/strong>.<\/p>\r\n<p>As <strong>salas de aula s\u00e3o equipadas com televisores e \u00f3culos \u201c3D\u201d<\/strong> o que possibilita aos professores um <strong>trabalho din\u00e2mico e enriquecedor.<\/strong> Bem ventilado, arejado e sempre limpo, este ambiente \u00e9 um dos locais onde <strong>a m\u00e1gica do saber acontece! <\/strong><\/p>\r\n<p>A <strong>quadra de esportes est\u00e1 preparada para as aulas de Educa\u00e7\u00e3o F\u00edsica<\/strong> dos alunos, e devemos ressaltar que alguns <strong>eventos da escola<\/strong> tamb\u00e9m acontecem nesse ambiente como festas juninas, comemora\u00e7\u00f5es de dia das m\u00e3es e pais e apresenta\u00e7\u00f5es escolares.<\/p>\r\n<p>Pensando em sustentabilidade o Col\u00e9gio investiu na implementa\u00e7\u00e3o de um <strong>sistema de energia fotovoltaico (energia solar)<\/strong>. Acreditamos que preservar o meio ambiente \u00e9 pensar nas pr\u00f3ximas gera\u00e7\u00f5es.<\/p>\r\n<p>[\/vc_column_text][vc_media_grid element_width=&#8221;3&#8243; grid_id=&#8221;vc_gid:1599688443552-e5d94bc9-c051-8&#8243; include=&#8221;2018,2019,2020,2021,2022,2023,2024,2025,2026,2029,2363,2364&#8243;][\/vc_column][\/vc_row][vc_row][vc_column][vc_column_text]<\/p>\r\n<!-- \/wp:post-content -->\r\n<p><!-- wp:paragraph \/-->[\/vc_column_text][\/vc_column][\/vc_row]<\/p><\/div>","protected":false},"excerpt":{"rendered":"<p>[vc_row layout=&#8221;boxed&#8221; parallax_style=&#8221;none&#8221; parallax_scroll_effect=&#8221;fixed&#8221; css=&#8221;.vc_custom_1425463648608{background-color: #ffffff !important;}&#8221; el_class=&#8221;bg-content-box cupid-margin-top-95&#8243;][vc_column el_class=&#8221;about-us-padding&#8221;][vc_empty_space][vc_column_text css=&#8221;.vc_custom_1598926621499{margin-bottom: 20px !important;}&#8221;] Estrutura Nosso Col\u00e9gio compreende uma \u00e1rea ampla, arejada e acess\u00edvel para bem atender as necessidades de todos os alunos. Possui biblioteca, secretaria, brinquedoteca, sala de multim\u00eddia, parque com brinquedos pedag\u00f3gicos, p\u00e1tios de educa\u00e7\u00e3o infantil e ensino fundamental, laborat\u00f3rio de Ci\u00eancias, elevador, salas [&hellip;]<\/p>\n","protected":false},"author":1,"featured_media":0,"parent":0,"menu_order":0,"comment_status":"closed","ping_status":"closed","template":"","meta":{"footnotes":""},"class_list":["post-1616","page","type-page","status-publish","hentry"],"_links":{"self":[{"href":"http:\/\/colegiojmaniezo.com.br\/novosite\/wp-json\/wp\/v2\/pages\/1616","targetHints":{"allow":["GET"]}}],"collection":[{"href":"http:\/\/colegiojmaniezo.com.br\/novosite\/wp-json\/wp\/v2\/pages"}],"about":[{"href":"http:\/\/colegiojmaniezo.com.br\/novosite\/wp-json\/wp\/v2\/types\/page"}],"author":[{"embeddable":true,"href":"http:\/\/colegiojmaniezo.com.br\/novosite\/wp-json\/wp\/v2\/users\/1"}],"replies":[{"embeddable":true,"href":"http:\/\/colegiojmaniezo.com.br\/novosite\/wp-json\/wp\/v2\/comments?post=1616"}],"version-history":[{"count":12,"href":"http:\/\/colegiojmaniezo.com.br\/novosite\/wp-json\/wp\/v2\/pages\/1616\/revisions"}],"predecessor-version":[{"id":2375,"href":"http:\/\/colegiojmaniezo.com.br\/novosite\/wp-json\/wp\/v2\/pages\/1616\/revisions\/2375"}],"wp:attachment":[{"href":"http:\/\/colegiojmaniezo.com.br\/novosite\/wp-json\/wp\/v2\/media?parent=1616"}],"curies":[{"name":"wp","href":"https:\/\/api.w.org\/{rel}","templated":true}]}}